{"id":3178,"date":"2023-09-20T22:50:57","date_gmt":"2023-09-20T20:50:57","guid":{"rendered":"https:\/\/mittske.com\/?post_type=product&#038;p=3178"},"modified":"2025-12-11T15:48:47","modified_gmt":"2025-12-11T14:48:47","slug":"black-white-dots","status":"publish","type":"product","link":"https:\/\/mittske.com\/sl\/shop\/handwarmers\/black-white-dots\/","title":{"rendered":"Black White Dots"},"content":{"rendered":"<p class=\"translation-block\"><strong>Spoznaj Mittske,<\/strong> dve prijateljici - Leftsi in Rightsi, ki skrbita, da si med vo\u017enjo s kolesom ali skirojem videti kul in ti je toplo! Najsre\u010dnej\u0161i sta, ko tvoje roke \u0161\u010ditita pred vetrom in mrazom.<\/p>\n<p><img decoding=\"async\" class=\"alignnone size-medium wp-image-1404\" src=\"https:\/\/mittske.com\/wp-content\/uploads\/2022\/08\/Asset-4-8-1-300x111.png\" alt=\"\" width=\"300\" height=\"111\" srcset=\"https:\/\/mittske.com\/wp-content\/uploads\/2022\/08\/Asset-4-8-1-300x111.png 300w, https:\/\/mittske.com\/wp-content\/uploads\/2022\/08\/Asset-4-8-1-400x147.png 400w, https:\/\/mittske.com\/wp-content\/uploads\/2022\/08\/Asset-4-8-1-768x283.png 768w, https:\/\/mittske.com\/wp-content\/uploads\/2022\/08\/Asset-4-8-1.png 996w\" sizes=\"(max-width: 300px) 100vw, 300px\" \/><\/p>\n<p>Rokavi\u010dke Mittske so tvoje zaveznice pri jutranji vo\u017enji na delo, popoldanskem izletu v park ali ve\u010dernem skoku po nakupih. Radi pritegneta pozornost, zato sta oblikovani tako, da s svojim stilom dodata piko na i tvoji podobi.<\/p>\n<p class=\"translation-block\">Mittske so dovolj velike, da jih lahko uporablja\u0161 tudi \u010dez rokavice. Vse je odvisno od tebe in od vremena!<\/p>\n<p><img decoding=\"async\" class=\"alignnone wp-image-1065\" src=\"https:\/\/mittske.com\/wp-content\/uploads\/2022\/08\/Asset-1-8-1-300x204.png\" alt=\"\" width=\"210\" height=\"143\" srcset=\"https:\/\/mittske.com\/wp-content\/uploads\/2022\/08\/Asset-1-8-1-300x204.png 300w, https:\/\/mittske.com\/wp-content\/uploads\/2022\/08\/Asset-1-8-1.png 313w\" sizes=\"(max-width: 210px) 100vw, 210px\" \/>. \u00a0 \u00a0 \u00a0 \u00a0<img decoding=\"async\" class=\"alignnone wp-image-1066\" src=\"https:\/\/mittske.com\/wp-content\/uploads\/2022\/08\/Asset-2-8-1-300x216.png\" alt=\"\" width=\"206\" height=\"148\" srcset=\"https:\/\/mittske.com\/wp-content\/uploads\/2022\/08\/Asset-2-8-1-300x216.png 300w, https:\/\/mittske.com\/wp-content\/uploads\/2022\/08\/Asset-2-8-1.png 312w\" sizes=\"(max-width: 206px) 100vw, 206px\" \/><\/p>\n<p>&nbsp;<\/p>\n<p><strong>Material:<\/strong> Softshell<\/p>\n<p>Zunanja stran je  vododbojna in \u0161\u010diti pred vetrom in mrazom.<\/p>\n<p>V notranjosti pa tvoje roke objema mehak mikroflis.<\/p>\n<p><strong>Enostavno vzdr\u017eevanje!<\/strong><\/p>\n<p>Mittske so rade \u010diste. Naj te ne skrbi, tudi \u010de jih polije\u0161 s kavo \u2013 obo\u017eujejo kopel v pralnem stroju.<\/p>\n<p><img loading=\"lazy\" decoding=\"async\" class=\"alignnone wp-image-1158\" src=\"https:\/\/mittske.com\/wp-content\/uploads\/2022\/08\/vzdrzevanje.png\" alt=\"\" width=\"166\" height=\"24\" \/><\/p>\n<p><strong>Oblikovano in izdelano<\/strong> v Sloveniji.<\/p>","protected":false},"excerpt":{"rendered":"<p class=\"translation-block\"><strong>Spoznaj Mittske,<\/strong>  stilsko zasnovane rokavi\u010dke za balaco za vse urbane kolesarje in voznike skirojev. Zate, ki ima\u0161 svoj stil in te zima ne gane!<\/p>\n<p>Obleci balanco v Mittske, tako da objamejo ro\u010dke balance in bremze ob enem. Tako so tvoje roke na toplem ves \u010das, tudi ko zavira\u0161.<\/p>\n<p>Z uporabo Mittske si vedno pripravljen na takoj\u0161njo akcijo. Saj pozna\u0161 tisti ob\u010dutek, ko zvoni telefon, ti pa se zaradi debelih rokavic ne more\u0161 pravo\u010dasno oglasiti?<\/p>","protected":false},"featured_media":3186,"template":"","meta":{"_acf_changed":false,"inline_featured_image":false},"product_brand":[],"product_cat":[25],"product_tag":[30,34,45,49],"class_list":{"0":"post-3178","1":"product","2":"type-product","3":"status-publish","4":"has-post-thumbnail","6":"product_cat-handwarmers","7":"product_tag-black","8":"product_tag-dots","9":"product_tag-unisex","10":"product_tag-white","12":"first","13":"instock","14":"taxable","15":"shipping-taxable","16":"purchasable","17":"product-type-simple"},"acf":[],"_links":{"self":[{"href":"https:\/\/mittske.com\/sl\/wp-json\/wp\/v2\/product\/3178","targetHints":{"allow":["GET"]}}],"collection":[{"href":"https:\/\/mittske.com\/sl\/wp-json\/wp\/v2\/product"}],"about":[{"href":"https:\/\/mittske.com\/sl\/wp-json\/wp\/v2\/types\/product"}],"wp:featuredmedia":[{"embeddable":true,"href":"https:\/\/mittske.com\/sl\/wp-json\/wp\/v2\/media\/3186"}],"wp:attachment":[{"href":"https:\/\/mittske.com\/sl\/wp-json\/wp\/v2\/media?parent=3178"}],"wp:term":[{"taxonomy":"product_brand","embeddable":true,"href":"https:\/\/mittske.com\/sl\/wp-json\/wp\/v2\/product_brand?post=3178"},{"taxonomy":"product_cat","embeddable":true,"href":"https:\/\/mittske.com\/sl\/wp-json\/wp\/v2\/product_cat?post=3178"},{"taxonomy":"product_tag","embeddable":true,"href":"https:\/\/mittske.com\/sl\/wp-json\/wp\/v2\/product_tag?post=3178"}],"curies":[{"name":"wp","href":"https:\/\/api.w.org\/{rel}","templated":true}]}}